{"id":1940,"date":"2023-05-15T13:57:46","date_gmt":"2023-05-15T04:57:46","guid":{"rendered":"https:\/\/matsumotoexp.com\/fr\/?page_id=1940"},"modified":"2025-12-25T12:59:20","modified_gmt":"2025-12-25T03:59:20","slug":"a-propos-de-matsumoto-experience","status":"publish","type":"page","link":"https:\/\/matsumotoexp.com\/fr\/contact\/a-propos-de-matsumoto-experience","title":{"rendered":"\u00c0 propos de Matsumoto-Experience"},"content":{"rendered":"<img loading=\"lazy\" decoding=\"async\" class=\"size-medium wp-image-2481 aligncenter\" src=\"https:\/\/matsumotoexp.com\/wp-content\/uploads\/2023\/05\/PXL_20221020_023429459-478x360.jpg\" alt=\"\" width=\"478\" height=\"360\" \/>\n<p><!--more--><\/p>\n<p style=\"text-align: center;\">Matsumoto-Experience a \u00e9t\u00e9 cr\u00e9\u00e9 en partenariat avec l\u2019Office de Tourisme et des Fonds de D\u00e9veloppement R\u00e9gional de la Pr\u00e9fecture de Nagano. Son but premier est de vous aider \u00e0 vivre une exp\u00e9rience enrichissante lors de votre s\u00e9jour \u00e0 Matsumoto gr\u00e2ce \u00e0 diff\u00e9rentes exp\u00e9riences culturelles.<\/p>\n<p style=\"text-align: center;\">Au lieu de simplement visiter les sites touristiques, Matsumoto-Experience et son \u00e9quipe de guides locaux vous aideront \u00e0 d\u00e9couvrir la vie locale, l\u2019histoire, la culture, la gastronomie et la nature Japonaise.<\/p>\n<p style=\"text-align: center;\">R\u00e9servez vos activit\u00e9s pr\u00e9f\u00e9r\u00e9es directement sur notre site internet, ou visitez notre site partenaire <a href=\"https:\/\/welcome-matsumoto.com\/fr\/\">Welcome-Matsumoto<\/a>.<\/p>\n<p style=\"text-align: center;\">Si vos projets de voayge passe \u00e9galement par la ville de Nagano, n'h\u00e9sitez pas \u00e0 visiter notre site de r\u00e9servation <a href=\"https:\/\/naganoexp.com\/fr\">Nagano-Experience<\/a>.<\/p>\n<h3 style=\"text-align: center;\">Horaires :<\/h3>\n<p style=\"text-align: center;\">Lun-Dim 9h00 \u2013 17h00<\/p>\n<h3 style=\"text-align: center;\">T\u00e9lEPHONE:<\/h3>\n<p style=\"text-align: center;\">+81-80-7257-7909<\/p>\n<h3 style=\"text-align: center;\">E-mail:<\/h3>\n<p style=\"text-align: center;\"><a href=\"mailto:info@matsumotoexp.com\">info@matsumotoexp.com<\/a><\/p>\n","protected":false},"excerpt":{"rendered":"","protected":false},"author":11,"featured_media":1887,"parent":111,"menu_order":0,"comment_status":"closed","ping_status":"closed","template":"","meta":{"footnotes":""},"class_list":["post-1940","page","type-page","status-publish","has-post-thumbnail","hentry"],"_links":{"self":[{"href":"https:\/\/matsumotoexp.com\/fr\/wp-json\/wp\/v2\/pages\/1940","targetHints":{"allow":["GET"]}}],"collection":[{"href":"https:\/\/matsumotoexp.com\/fr\/wp-json\/wp\/v2\/pages"}],"about":[{"href":"https:\/\/matsumotoexp.com\/fr\/wp-json\/wp\/v2\/types\/page"}],"author":[{"embeddable":true,"href":"https:\/\/matsumotoexp.com\/fr\/wp-json\/wp\/v2\/users\/11"}],"replies":[{"embeddable":true,"href":"https:\/\/matsumotoexp.com\/fr\/wp-json\/wp\/v2\/comments?post=1940"}],"version-history":[{"count":5,"href":"https:\/\/matsumotoexp.com\/fr\/wp-json\/wp\/v2\/pages\/1940\/revisions"}],"predecessor-version":[{"id":2287,"href":"https:\/\/matsumotoexp.com\/fr\/wp-json\/wp\/v2\/pages\/1940\/revisions\/2287"}],"up":[{"embeddable":true,"href":"https:\/\/matsumotoexp.com\/fr\/wp-json\/wp\/v2\/pages\/111"}],"wp:featuredmedia":[{"embeddable":true,"href":"https:\/\/matsumotoexp.com\/fr\/wp-json\/wp\/v2\/media\/1887"}],"wp:attachment":[{"href":"https:\/\/matsumotoexp.com\/fr\/wp-json\/wp\/v2\/media?parent=1940"}],"curies":[{"name":"wp","href":"https:\/\/api.w.org\/{rel}","templated":true}]}}